{"id":2,"date":"2020-06-19T18:08:10","date_gmt":"2020-06-19T16:08:10","guid":{"rendered":"https:\/\/www.feuerwehr-huglfing.de\/?page_id=2"},"modified":"2026-01-28T08:38:25","modified_gmt":"2026-01-28T07:38:25","slug":"start","status":"publish","type":"page","link":"https:\/\/www.feuerwehr-huglfing.de\/index.php\/start\/","title":{"rendered":"Startseite"},"content":{"rendered":"<p><img loading=\"lazy\" decoding=\"async\" class=\"size-full wp-image-82 alignright\" src=\"http:\/\/www.feuerwehr-huglfing.de\/wp-content\/uploads\/2020\/06\/Wappen_Huglfing.png\" alt=\"\" width=\"145\" height=\"161\" \/><\/p>\n<p>Herzlich Willkommen<\/p>\n<p>Wir begr\u00fc\u00dfen Sie recht herzlich auf der Internetseite der Freiwilligen Feuerwehr Huglfing. Hier wollen wir\u00a0 die Bev\u00f6lkerung sowie interessiertes Publikum \u00fcber die t\u00e4gliche Arbeit der Feuerwehr informieren und Personen motivieren sich f\u00fcr den Feuerwehrdienst zu entscheiden.<\/p>\n<p>&nbsp;<\/p>\n<p><strong>Die Vorbereitungen f\u00fcr unsere Festwoche laufen. <\/strong><\/p>\n<p><strong>Weitere Info&#8217;s finden Sie unter <a href=\"https:\/\/www.huglfinger-festtage.de\/\">Huglfinger Festtage 2026 GbR<\/a><\/strong><\/p>\n<p><img loading=\"lazy\" decoding=\"async\" class=\"wp-image-895 aligncenter\" src=\"http:\/\/www.feuerwehr-huglfing.de\/wp-content\/uploads\/2025\/03\/Huglfinger-Festtage-13-17-Mai-2026_save-the-date_Flyer.jpg\" alt=\"\" width=\"732\" height=\"1035\" \/><\/p>\n<p>&nbsp;<\/p>\n<h3 style=\"text-align: center;\">Nach unserm Fest geht&#8217;s weiter in S\u00f6chering&#8230;&#8230;.<\/h3>\n<p>&nbsp;<\/p>\n<p><img loading=\"lazy\" decoding=\"async\" class=\" wp-image-992 aligncenter\" src=\"http:\/\/www.feuerwehr-huglfing.de\/wp-content\/uploads\/2026\/01\/Soechering.png\" alt=\"\" width=\"734\" height=\"520\" \/><\/p>\n<p>&nbsp;<\/p>\n<h3 style=\"text-align: center;\">&#8230;. und in Hausen sind wir auch am Start.<\/h3>\n<p><img loading=\"lazy\" decoding=\"async\" class=\" wp-image-993 aligncenter\" src=\"http:\/\/www.feuerwehr-huglfing.de\/wp-content\/uploads\/2026\/01\/FFOberhausen.png\" alt=\"\" width=\"743\" height=\"524\" \/><\/p>\n<p>&nbsp;<\/p>\n<p>&nbsp;<\/p>\n<p><img loading=\"lazy\" decoding=\"async\" class=\"wp-image-414 aligncenter\" src=\"http:\/\/www.feuerwehr-huglfing.de\/wp-content\/uploads\/2020\/07\/Retten_2-300x157.png\" alt=\"\" width=\"676\" height=\"354\" srcset=\"https:\/\/www.feuerwehr-huglfing.de\/wp-content\/uploads\/2020\/07\/Retten_2-300x157.png 300w, https:\/\/www.feuerwehr-huglfing.de\/wp-content\/uploads\/2020\/07\/Retten_2-768x401.png 768w, https:\/\/www.feuerwehr-huglfing.de\/wp-content\/uploads\/2020\/07\/Retten_2-676x353.png 676w, https:\/\/www.feuerwehr-huglfing.de\/wp-content\/uploads\/2020\/07\/Retten_2.png 949w\" sizes=\"auto, (max-width: 676px) 100vw, 676px\" \/><\/p>\n<div><\/div>\n<div><\/div>\n<div><\/div>\n","protected":false},"excerpt":{"rendered":"<p>Herzlich Willkommen Wir begr\u00fc\u00dfen Sie recht herzlich auf der Internetseite der Freiwilligen Feuerwehr Huglfing. Hier wollen wir\u00a0 die Bev\u00f6lkerung sowie interessiertes Publikum \u00fcber die t\u00e4gliche Arbeit der Feuerwehr informieren und&hellip; <br \/> <a class=\"read-more\" href=\"https:\/\/www.feuerwehr-huglfing.de\/index.php\/start\/\">Weiterlesen<\/a><\/p>\n","protected":false},"author":1,"featured_media":0,"parent":0,"menu_order":0,"comment_status":"closed","ping_status":"open","template":"","meta":{"_price":"","_stock":"","_tribe_ticket_header":"","_tribe_default_ticket_provider":"","_tribe_ticket_capacity":"0","_ticket_start_date":"","_ticket_end_date":"","_tribe_ticket_show_description":"","_tribe_ticket_show_not_going":false,"_tribe_ticket_use_global_stock":"","_tribe_ticket_global_stock_level":"","_global_stock_mode":"","_global_stock_cap":"","_tribe_rsvp_for_event":"","_tribe_ticket_going_count":"","_tribe_ticket_not_going_count":"","_tribe_tickets_list":"[]","_tribe_ticket_has_attendee_info_fields":false,"footnotes":"","_tec_slr_enabled":"","_tec_slr_layout":""},"class_list":["post-2","page","type-page","status-publish","hentry"],"ticketed":false,"_links":{"self":[{"href":"https:\/\/www.feuerwehr-huglfing.de\/index.php\/wp-json\/wp\/v2\/pages\/2","targetHints":{"allow":["GET"]}}],"collection":[{"href":"https:\/\/www.feuerwehr-huglfing.de\/index.php\/wp-json\/wp\/v2\/pages"}],"about":[{"href":"https:\/\/www.feuerwehr-huglfing.de\/index.php\/wp-json\/wp\/v2\/types\/page"}],"author":[{"embeddable":true,"href":"https:\/\/www.feuerwehr-huglfing.de\/index.php\/wp-json\/wp\/v2\/users\/1"}],"replies":[{"embeddable":true,"href":"https:\/\/www.feuerwehr-huglfing.de\/index.php\/wp-json\/wp\/v2\/comments?post=2"}],"version-history":[{"count":34,"href":"https:\/\/www.feuerwehr-huglfing.de\/index.php\/wp-json\/wp\/v2\/pages\/2\/revisions"}],"predecessor-version":[{"id":994,"href":"https:\/\/www.feuerwehr-huglfing.de\/index.php\/wp-json\/wp\/v2\/pages\/2\/revisions\/994"}],"wp:attachment":[{"href":"https:\/\/www.feuerwehr-huglfing.de\/index.php\/wp-json\/wp\/v2\/media?parent=2"}],"curies":[{"name":"wp","href":"https:\/\/api.w.org\/{rel}","templated":true}]}}