{"id":192,"date":"2020-06-30T21:30:18","date_gmt":"2020-06-30T19:30:18","guid":{"rendered":"https:\/\/www.feuerwehr-huglfing.de\/?page_id=192"},"modified":"2024-02-23T20:01:53","modified_gmt":"2024-02-23T19:01:53","slug":"wissenswertes","status":"publish","type":"page","link":"https:\/\/www.feuerwehr-huglfing.de\/index.php\/infos\/wissenswertes\/","title":{"rendered":"Wissenswertes"},"content":{"rendered":"<hr \/>\n<h2><strong><span style=\"color: #008000;\">Rauchmelder:<\/span><\/strong><\/h2>\n<p>In Bayern sind Rauchmelder seit dem 01.01.2018 in allen Wohnungen vorgeschrieben und zwar in allen Schlaf- und Kinderzimmern, sowie f\u00fcr alle Flure, die als Rettungswege aus Aufenthaltsr\u00e4umen dienen.<br \/>\nF\u00fcr den Einbau ist der Eigent\u00fcmer, bzw. der Vermieter verantwortlich, f\u00fcr die Wartung der Mieter selbst.<br \/>\n<strong><span style=\"color: #ff0000;\">Rauchmelder k\u00f6nnen ihr Leben retten!<\/span><\/strong><\/p>\n<hr \/>\n<h2><span style=\"color: #008000;\"><strong><span style=\"color: #008000;\">Holzerfeuer:<\/span><\/strong><\/span><\/h2>\n<p>Die ILS Oberland ist zust\u00e4ndig f\u00fcr geplante Feuer im Landkreis Weilheim-Schongau. Diese k\u00f6nnen sie entweder per Telefon unter der 0881\/92585-100 oder per <a href=\"https:\/\/www.rettungsdienst.brk.de\/ils-oberland\/unsere-online-formulare\/anmeldung-beaufsichtigtes-feuer-im-bereich-der-ils-oberland.html\">Onlineformular<\/a> melden.<br \/>\nDie Anmeldung des Feuers ersetzt nicht die Aufsichtspflicht des Verantwortlichen; im Zweifelsfall wird die Leitstelle immer die Feuerwehr und Polizei alarmieren.<\/p>\n<hr \/>\n<h2><span style=\"color: #008000;\"><strong><span style=\"color: #008000;\">Rettungskarte:<\/span><\/strong><\/span><\/h2>\n<p>Auf der Rettungskarte welche unter die Sonnenblende auf der Fahrerseite deponiert wird sind wichtige Informationen f\u00fcr die Feuerwehr hinterlegt um bei einem Unfall schnell Handeln zu k\u00f6nnen. Neben Verst\u00e4rkungen der Karosserie sind auch Airbags, Gurtstraffer, Batterie und der Kraftstofftank auf dem Datenblatt dargestellt.<\/p>\n<p>Fahrzeuge von Daimler und Smart ab dem Baujahr 2013 haben zus\u00e4tzlich noch zwei QR-Codes zum Download der Rettungskarte im Fahrzeug angebracht.<\/p>\n<p>Der ADAC bietet einen kostenlosen Download an welchen Sie am Besten in Farbe ausdrucken. Hier geht&#8217;s zum <a href=\"https:\/\/www.adac.de\/rund-ums-fahrzeug\/unfall-schaden-panne\/rettungskarte\/\">ADAC Download\u00a0<\/a><\/p>\n<hr \/>\n<h2><span style=\"color: #008000;\"><strong>Sirenenprobealarm:<\/strong><\/span><\/h2>\n<p>Neben dem Probealarm am ersten Samstag im Monat findet einmal j\u00e4hrlich eine bundesweite \u00dcberpr\u00fcfung der Sirenenfunktionen statt. Diese Funktions\u00fcberpr\u00fcfung welche vom bayrischen Staatsministerium des Inneren durchgef\u00fchrt wird,\u00a0 ist immer am zweiten Donnerstag im September um 11.00 Uhr eingeplant. Mehr Informationen finden Sie <a href=\"http:\/\/www.feuerwehr-huglfing.de\/wp-content\/uploads\/2020\/08\/Warntag.pdf\">hier.<\/a><\/p>\n<hr \/>\n<h2><span style=\"color: #008000;\"><strong>Verhalten im Stau:<\/strong><\/span><\/h2>\n<p>Der Ratgeber <a href=\"https:\/\/www.billiger-mietwagen.de\/reisewelt\/reiseinfos\/rund-ums-auto\/verhalten-im-stau.html\">&#8222;Verhalten im Stau&#8220;<\/a> informiert Sie wie Sie sich im Stau richtig verhalten.<\/p>\n<p>Wie bildet man eine Rettungsgasse, was machen ich im Tunnel, was ist am Stauende zu beachten&#8230;. sind nur ein paar wissenswerte Informationen.<\/p>\n<hr \/>\n<h2><span style=\"color: #008000;\"><strong>Autounfall&#8230;was tun?:<\/strong><\/span><\/h2>\n<p>Hier finden Sie einen <a href=\"https:\/\/www.billiger-mietwagen.de\/reisewelt\/reiseinfos\/rund-ums-auto\/autounfall-was-tun.html\">Link<\/a> mit wichtigen Hinweisen wie Sie nach einen Autounfall verhalten sollen.<\/p>\n<p>Was m\u00fcssen Sie unbedingt erledigen und was ist bei einem Personenschaden zu beachten.<\/p>\n","protected":false},"excerpt":{"rendered":"<p>Rauchmelder: In Bayern sind Rauchmelder seit dem 01.01.2018 in allen Wohnungen vorgeschrieben und zwar in allen Schlaf- und Kinderzimmern, sowie f\u00fcr alle Flure, die als Rettungswege aus Aufenthaltsr\u00e4umen dienen. F\u00fcr&hellip; <br \/> <a class=\"read-more\" href=\"https:\/\/www.feuerwehr-huglfing.de\/index.php\/infos\/wissenswertes\/\">Weiterlesen<\/a><\/p>\n","protected":false},"author":3,"featured_media":0,"parent":176,"menu_order":2,"comment_status":"closed","ping_status":"closed","template":"","meta":{"_price":"","_stock":"","_tribe_ticket_header":"","_tribe_default_ticket_provider":"","_tribe_ticket_capacity":"0","_ticket_start_date":"","_ticket_end_date":"","_tribe_ticket_show_description":"","_tribe_ticket_show_not_going":false,"_tribe_ticket_use_global_stock":"","_tribe_ticket_global_stock_level":"","_global_stock_mode":"","_global_stock_cap":"","_tribe_rsvp_for_event":"","_tribe_ticket_going_count":"","_tribe_ticket_not_going_count":"","_tribe_tickets_list":"[]","_tribe_ticket_has_attendee_info_fields":false,"footnotes":"","_tec_slr_enabled":"","_tec_slr_layout":""},"class_list":["post-192","page","type-page","status-publish","hentry"],"ticketed":false,"_links":{"self":[{"href":"https:\/\/www.feuerwehr-huglfing.de\/index.php\/wp-json\/wp\/v2\/pages\/192","targetHints":{"allow":["GET"]}}],"collection":[{"href":"https:\/\/www.feuerwehr-huglfing.de\/index.php\/wp-json\/wp\/v2\/pages"}],"about":[{"href":"https:\/\/www.feuerwehr-huglfing.de\/index.php\/wp-json\/wp\/v2\/types\/page"}],"author":[{"embeddable":true,"href":"https:\/\/www.feuerwehr-huglfing.de\/index.php\/wp-json\/wp\/v2\/users\/3"}],"replies":[{"embeddable":true,"href":"https:\/\/www.feuerwehr-huglfing.de\/index.php\/wp-json\/wp\/v2\/comments?post=192"}],"version-history":[{"count":14,"href":"https:\/\/www.feuerwehr-huglfing.de\/index.php\/wp-json\/wp\/v2\/pages\/192\/revisions"}],"predecessor-version":[{"id":782,"href":"https:\/\/www.feuerwehr-huglfing.de\/index.php\/wp-json\/wp\/v2\/pages\/192\/revisions\/782"}],"up":[{"embeddable":true,"href":"https:\/\/www.feuerwehr-huglfing.de\/index.php\/wp-json\/wp\/v2\/pages\/176"}],"wp:attachment":[{"href":"https:\/\/www.feuerwehr-huglfing.de\/index.php\/wp-json\/wp\/v2\/media?parent=192"}],"curies":[{"name":"wp","href":"https:\/\/api.w.org\/{rel}","templated":true}]}}